{"id":11,"date":"2011-11-16T10:29:49","date_gmt":"2011-11-16T10:29:49","guid":{"rendered":"http:\/\/www.gulis.at\/schreiben\/?page_id=11"},"modified":"2024-05-07T09:00:50","modified_gmt":"2024-05-07T09:00:50","slug":"startseite","status":"publish","type":"page","link":"https:\/\/gulis.at\/schreiben\/startseite\/","title":{"rendered":"Wolfgang Gulis &#8211; Schreiben"},"content":{"rendered":"<div class=\"post-meta clearfix\">\n<p class=\"edit-post\" style=\"text-align: right;\">(<a class=\"post-edit-link\" title=\"Seite bearbeiten\" href=\"http:\/\/www.gulis.at\/schreiben\/wp-admin\/post.php?post=11&amp;action=edit\">Seite bearbeiten<\/a>)<\/p>\n<\/div>\n<h3><strong>Liebe Leser\/innen, liebe BesucherInnen meiner Homepage,<\/strong><\/h3>\n<p>sch\u00f6n, das Sie meine Seite &#8222;Schreiben&#8220; besuchen, denn dies in vielen unterschiedlichen Ausformungen immer schon ein wichtiger Teil meiner beruflichen und k\u00fcnstlerischen Identit\u00e4t. Die Bandbreite ist dabei gro\u00df.<\/p>\n<p>Angefangen habe ich als Redakteur bei der Friedenszeitung &#8222;friedolin&#8220;, herausgegeben von der ARGE f. Zivildienst. Einmal entbrannt f\u00fcr das Schreiben, wechselte ich eine zeitlang in den Tageszeitungsjournalismus und wurde freier Mitarbeiter der damals noch existierenden Neuen Zeit.<img decoding=\"async\" class=\"wp-image-825  alignleft\" src=\"https:\/\/gulis.at\/schreiben\/wp-content\/uploads\/2020\/04\/IMG_20160329_183914-300x168.jpg\" alt=\"\" width=\"291\" height=\"163\" srcset=\"https:\/\/gulis.at\/schreiben\/wp-content\/uploads\/2020\/04\/IMG_20160329_183914-300x168.jpg 300w, https:\/\/gulis.at\/schreiben\/wp-content\/uploads\/2020\/04\/IMG_20160329_183914-1024x575.jpg 1024w, https:\/\/gulis.at\/schreiben\/wp-content\/uploads\/2020\/04\/IMG_20160329_183914-768x431.jpg 768w, https:\/\/gulis.at\/schreiben\/wp-content\/uploads\/2020\/04\/IMG_20160329_183914-1536x862.jpg 1536w, https:\/\/gulis.at\/schreiben\/wp-content\/uploads\/2020\/04\/IMG_20160329_183914-2048x1150.jpg 2048w\" sizes=\"(max-width: 291px) 100vw, 291px\" \/> Sp\u00e4ter war ich ein Jahr lang bei der Zeitschrift Courage besch\u00e4ftigt, um schlie\u00dflich beim Verein Zebra zu landen und dort im Jahre 1990 das Magazin Zebratl zu gr\u00fcnden und in weiterer Folge als Chefredakteur, bis zu meinem Ausscheiden 2010 zu leiten.<\/p>\n<p>Neben diesem journalistischen Strang entwickelte sich aber auch ein literarischer, der einerseits aus Kurzgeschichten und Essays &#8212; ver\u00f6ffentlicht unter anderem im Feuilletonmagazin Schreibkraft &#8212; bestand aber auch seinen Niederschlag in Theaterst\u00fccken &#8212; etwa in Zusammenarbeit mit dem Theater im Bahnhof oder mit der Gruppe Dagmar, die mein St\u00fcck Zur Almruh\u00b4 auff\u00fchrte &#8212; fand.<\/p>\n<p>Schlie\u00dflich bildete sich das Singer-Songwriting zu einem dritten und wichtigen Strang aus, bei dem aus den Texten Lieder entstehen, die im Rahmen der Band <a href=\"http:\/\/www.gulis.at\/musik\/\" target=\"_blank\" rel=\"noopener noreferrer\">g.u.l.i.s.<\/a> einen musikalischen Mantel erhalten und zur Auff\u00fchrung und Ver\u00f6ffentlichung gelangen.<\/p>\n<p>Einige von den hier auf der Seite zu findenden Texten wurden in anderen Medien ver\u00f6ffentlicht, manche jedoch sind ausschlie\u00dflich f\u00fcr die Homepage geschrieben worden. Es zahlt sich also aus, von Zeit zu Zeit einen Blick auf meine Homepage zu werfen.<\/p>\n<h4>Freu mich \u00fcber Ihr Interesse.<\/h4>\n","protected":false},"excerpt":{"rendered":"<p>(Seite bearbeiten) Liebe Leser\/innen, liebe BesucherInnen meiner Homepage, sch\u00f6n, das Sie meine Seite &#8222;Schreiben&#8220; besuchen, denn dies in vielen unterschiedlichen Ausformungen immer schon ein wichtiger Teil meiner beruflichen und k\u00fcnstlerischen Identit\u00e4t. Die Bandbreite ist dabei gro\u00df. Angefangen habe ich als Redakteur bei der Friedenszeitung &#8222;friedolin&#8220;, herausgegeben von der ARGE f. Zivildienst. Einmal entbrannt f\u00fcr das &hellip; <\/p>\n<p><a class=\"more-link btn\" href=\"https:\/\/gulis.at\/schreiben\/startseite\/\">Weiterlesen<\/a><\/p>\n","protected":false},"author":2,"featured_media":0,"parent":0,"menu_order":0,"comment_status":"closed","ping_status":"closed","template":"","meta":{"footnotes":""},"class_list":["post-11","page","type-page","status-publish","hentry","nodate","item-wrap"],"_links":{"self":[{"href":"https:\/\/gulis.at\/schreiben\/wp-json\/wp\/v2\/pages\/11","targetHints":{"allow":["GET"]}}],"collection":[{"href":"https:\/\/gulis.at\/schreiben\/wp-json\/wp\/v2\/pages"}],"about":[{"href":"https:\/\/gulis.at\/schreiben\/wp-json\/wp\/v2\/types\/page"}],"author":[{"embeddable":true,"href":"https:\/\/gulis.at\/schreiben\/wp-json\/wp\/v2\/users\/2"}],"replies":[{"embeddable":true,"href":"https:\/\/gulis.at\/schreiben\/wp-json\/wp\/v2\/comments?post=11"}],"version-history":[{"count":4,"href":"https:\/\/gulis.at\/schreiben\/wp-json\/wp\/v2\/pages\/11\/revisions"}],"predecessor-version":[{"id":1860,"href":"https:\/\/gulis.at\/schreiben\/wp-json\/wp\/v2\/pages\/11\/revisions\/1860"}],"wp:attachment":[{"href":"https:\/\/gulis.at\/schreiben\/wp-json\/wp\/v2\/media?parent=11"}],"curies":[{"name":"wp","href":"https:\/\/api.w.org\/{rel}","templated":true}]}}